{"id":68,"date":"2020-08-27T02:41:49","date_gmt":"2020-08-27T02:41:49","guid":{"rendered":"http:\/\/managementandmovement.com\/?page_id=68"},"modified":"2020-09-09T00:48:00","modified_gmt":"2020-09-09T00:48:00","slug":"nosotros","status":"publish","type":"page","link":"https:\/\/managementandmovement.com\/index.php\/nosotros\/","title":{"rendered":"Acerca de"},"content":{"rendered":"\n<p>Management and Movement es una empresa mexicana cuyo objetivo es ayudar a las empresas, organizaciones e instituciones a mejorar el trabajo que realiza cada una, mediante empoderar al personal, para mejorar la toma de decisiones frente a las circunstancias que tenga.<\/p>\n\n\n\n<p>El capital humano es lo m\u00e1s importante para lograr los objetivos en una empresa, mediante la capacitaci\u00f3n y la mejora continua del mismo, se logra minimizar el tiempo para alcanzar las metas propuestas y aumentando la productividad de cada \u00e1rea.<\/p>\n\n\n\n<p>Su Fundadora y Directora General es la Lic. Ana Laura M\u00e1rquez, empresaria mexicana, quien en la actualidad, se desempe\u00f1a como formadora de l\u00edderes, capacitando y ense\u00f1ando todo lo que se sabe en&nbsp; Recursos Humanos,&nbsp;su \u00e1rea profesional.<\/p>\n\n\n\n<p>Es orgullosa egresada de la Universidad Aut\u00f3noma Metropolitana en Administraci\u00f3n. D\u00f3nde&nbsp;organiz\u00f3 el primer encuentro Universitario \u201cLos j\u00f3venes ante el fen\u00f3meno de la globalizaci\u00f3n\u201d efectuado en la Universidad de la Habana.&nbsp;Cuenta con diplomados en \u201cGerencia Integral de Recursos Humanos\u201d, en Formaci\u00f3n y Certificaci\u00f3n de Instructores con enfoque PNL. Est\u00e1 Certificada ante el CONOCER en \u201cDise\u00f1o e impartici\u00f3n de Cursos de Capacitaci\u00f3n\u201d. Certificada&nbsp; por Aicon Internacional, S.C. en&nbsp; Coaching Ontol\u00f3gico y Empresarial, y es Agente Capacitador ante&nbsp;&nbsp;S.T.P.S.&nbsp;<\/p>\n\n\n\n<p>Es Co-organizadora y ponente de la comunidad Mujeres y Tecnolog\u00eda. Fue Coordinadora&nbsp;del \u00e1rea de Capital Humano en Gesfor&nbsp;M\u00e9xico.&nbsp; Se ha involucrado en m\u00faltiples iniciativas sociales en labores altruistas.&nbsp;&nbsp;<\/p>\n\n\n\n<div class=\"wp-block-image\"><figure class=\"aligncenter size-large\"><img loading=\"lazy\" decoding=\"async\" width=\"441\" height=\"587\" src=\"http:\/\/managementandmovement.com\/wp-content\/uploads\/2020\/09\/piano.png\" alt=\"\" class=\"wp-image-87\" srcset=\"https:\/\/managementandmovement.com\/wp-content\/uploads\/2020\/09\/piano.png 441w, https:\/\/managementandmovement.com\/wp-content\/uploads\/2020\/09\/piano-225x300.png 225w\" sizes=\"auto, (max-width: 441px) 100vw, 441px\" \/><\/figure><\/div>\n\n\n\n<p><\/p>\n","protected":false},"excerpt":{"rendered":"<p>Management and Movement es una empresa mexicana cuyo objetivo es ayudar a las empresas, organizaciones e instituciones a mejorar el trabajo que realiza cada una,<a href=\"https:\/\/managementandmovement.com\/index.php\/nosotros\/\" class=\"more-link\">Ver m\u00e1s<\/a><\/p>\n","protected":false},"author":1,"featured_media":0,"parent":0,"menu_order":0,"comment_status":"closed","ping_status":"closed","template":"","meta":{"footnotes":""},"class_list":["post-68","page","type-page","status-publish","hentry"],"_links":{"self":[{"href":"https:\/\/managementandmovement.com\/index.php\/wp-json\/wp\/v2\/pages\/68","targetHints":{"allow":["GET"]}}],"collection":[{"href":"https:\/\/managementandmovement.com\/index.php\/wp-json\/wp\/v2\/pages"}],"about":[{"href":"https:\/\/managementandmovement.com\/index.php\/wp-json\/wp\/v2\/types\/page"}],"author":[{"embeddable":true,"href":"https:\/\/managementandmovement.com\/index.php\/wp-json\/wp\/v2\/users\/1"}],"replies":[{"embeddable":true,"href":"https:\/\/managementandmovement.com\/index.php\/wp-json\/wp\/v2\/comments?post=68"}],"version-history":[{"count":4,"href":"https:\/\/managementandmovement.com\/index.php\/wp-json\/wp\/v2\/pages\/68\/revisions"}],"predecessor-version":[{"id":92,"href":"https:\/\/managementandmovement.com\/index.php\/wp-json\/wp\/v2\/pages\/68\/revisions\/92"}],"wp:attachment":[{"href":"https:\/\/managementandmovement.com\/index.php\/wp-json\/wp\/v2\/media?parent=68"}],"curies":[{"name":"wp","href":"https:\/\/api.w.org\/{rel}","templated":true}]}}