{"id":6,"date":"2020-06-13T04:06:21","date_gmt":"2020-06-13T04:06:21","guid":{"rendered":"http:\/\/managementandmovement.com\/?page_id=6"},"modified":"2020-11-07T00:46:45","modified_gmt":"2020-11-07T00:46:45","slug":"blog","status":"publish","type":"page","link":"https:\/\/managementandmovement.com\/index.php\/blog\/","title":{"rendered":"Blog"},"content":{"rendered":"\n<figure class=\"wp-block-image size-large\"><img loading=\"lazy\" decoding=\"async\" width=\"1024\" height=\"509\" src=\"http:\/\/managementandmovement.com\/wp-content\/uploads\/2020\/09\/blog-1024x509.jpeg\" alt=\"\" class=\"wp-image-125\" srcset=\"https:\/\/managementandmovement.com\/wp-content\/uploads\/2020\/09\/blog-1024x509.jpeg 1024w, https:\/\/managementandmovement.com\/wp-content\/uploads\/2020\/09\/blog-300x149.jpeg 300w, https:\/\/managementandmovement.com\/wp-content\/uploads\/2020\/09\/blog-768x382.jpeg 768w, https:\/\/managementandmovement.com\/wp-content\/uploads\/2020\/09\/blog-1536x764.jpeg 1536w, https:\/\/managementandmovement.com\/wp-content\/uploads\/2020\/09\/blog.jpeg 1880w\" sizes=\"auto, (max-width: 1024px) 100vw, 1024px\" \/><\/figure>\n\n\n\n<p><a href=\"http:\/\/managementandmovement.com\/index.php\/2020\/09\/07\/los-bloqueos-afectivos\/\" data-type=\"URL\" data-id=\"http:\/\/managementandmovement.com\/index.php\/2020\/09\/07\/los-bloqueos-afectivos\/\">Bloqueos afectivos<\/a><\/p>\n\n\n\n<p><a href=\"http:\/\/managementandmovement.com\/index.php\/2020\/06\/22\/ejercicio-de-respiracion\/\" data-type=\"URL\" data-id=\"http:\/\/managementandmovement.com\/index.php\/2020\/06\/22\/ejercicio-de-respiracion\/\">Ejercicios de respiraci\u00f3n<\/a><\/p>\n\n\n\n<p><a href=\"http:\/\/managementandmovement.com\/index.php\/2020\/09\/07\/la-comunicacion\/\" data-type=\"URL\" data-id=\"http:\/\/managementandmovement.com\/index.php\/2020\/09\/07\/la-comunicacion\/\">Comunicaci\u00f3n<\/a><\/p>\n\n\n\n<p><a href=\"http:\/\/managementandmovement.com\/index.php\/2020\/09\/07\/soy-buen-lider\/\" data-type=\"URL\" data-id=\"http:\/\/managementandmovement.com\/index.php\/2020\/09\/07\/soy-buen-lider\/\">Soy buen l\u00edder<\/a><\/p>\n\n\n\n<p><a href=\"http:\/\/managementandmovement.com\/index.php\/2020\/09\/07\/mi-version-de-la-tecnica-del-sandwich\/\" data-type=\"URL\" data-id=\"http:\/\/managementandmovement.com\/index.php\/2020\/09\/07\/mi-version-de-la-tecnica-del-sandwich\/\">Mi versi\u00f3n de la t\u00e9cnica del s\u00e1ndwich<\/a><\/p>\n\n\n\n<p><a href=\"http:\/\/managementandmovement.com\/index.php\/2020\/09\/07\/por-que-capacitar-en-el-curso-formacion-de-instructores\/\">\u00bfPor qu\u00e9 capacitar en el curso Formaci\u00f3n de Instructores?<\/a><\/p>\n\n\n\n<p><a href=\"http:\/\/managementandmovement.com\/index.php\/2020\/11\/07\/situacion-actual-de-las-empresas-en-la-retencion-de-los-empleados\/\">Situaci\u00f3n actual de las empresas en la retenci\u00f3n de los empleados<\/a><\/p>\n\n\n\n<p><a href=\"http:\/\/managementandmovement.com\/index.php\/2020\/11\/07\/empatia-o-simpatia\/\">\u00bfEmpat\u00eda o Simpat\u00eda?<\/a><\/p>\n\n\n\n<p><a href=\"http:\/\/managementandmovement.com\/index.php\/2020\/11\/07\/trabajo-en-equipo\/\">Trabajo en equipo<\/a><\/p>\n\n\n\n<p><a href=\"http:\/\/managementandmovement.com\/index.php\/2020\/11\/07\/estarias-dispuesto-a-electrocutar-a-alguien-para-ganar-un-concurso\/\"> \u00bfEstar\u00edas dispuesto a electrocutar a alguien para ganar un concurso?<\/a><\/p>\n\n\n\n<p><a href=\"http:\/\/managementandmovement.com\/index.php\/2020\/11\/07\/superando-los-impulsos\/\">Superando los impulsos<\/a><\/p>\n","protected":false},"excerpt":{"rendered":"<p>Bloqueos afectivos Ejercicios de respiraci\u00f3n Comunicaci\u00f3n Soy buen l\u00edder Mi versi\u00f3n de la t\u00e9cnica del s\u00e1ndwich \u00bfPor qu\u00e9 capacitar en el curso Formaci\u00f3n de Instructores?<a href=\"https:\/\/managementandmovement.com\/index.php\/blog\/\" class=\"more-link\">Ver m\u00e1s<\/a><\/p>\n","protected":false},"author":1,"featured_media":0,"parent":0,"menu_order":0,"comment_status":"closed","ping_status":"closed","template":"","meta":{"footnotes":""},"class_list":["post-6","page","type-page","status-publish","hentry"],"_links":{"self":[{"href":"https:\/\/managementandmovement.com\/index.php\/wp-json\/wp\/v2\/pages\/6","targetHints":{"allow":["GET"]}}],"collection":[{"href":"https:\/\/managementandmovement.com\/index.php\/wp-json\/wp\/v2\/pages"}],"about":[{"href":"https:\/\/managementandmovement.com\/index.php\/wp-json\/wp\/v2\/types\/page"}],"author":[{"embeddable":true,"href":"https:\/\/managementandmovement.com\/index.php\/wp-json\/wp\/v2\/users\/1"}],"replies":[{"embeddable":true,"href":"https:\/\/managementandmovement.com\/index.php\/wp-json\/wp\/v2\/comments?post=6"}],"version-history":[{"count":11,"href":"https:\/\/managementandmovement.com\/index.php\/wp-json\/wp\/v2\/pages\/6\/revisions"}],"predecessor-version":[{"id":189,"href":"https:\/\/managementandmovement.com\/index.php\/wp-json\/wp\/v2\/pages\/6\/revisions\/189"}],"wp:attachment":[{"href":"https:\/\/managementandmovement.com\/index.php\/wp-json\/wp\/v2\/media?parent=6"}],"curies":[{"name":"wp","href":"https:\/\/api.w.org\/{rel}","templated":true}]}}