{"id":5,"date":"2020-06-13T04:06:21","date_gmt":"2020-06-13T04:06:21","guid":{"rendered":"http:\/\/managementandmovement.com\/?page_id=5"},"modified":"2025-01-18T19:52:00","modified_gmt":"2025-01-18T19:52:00","slug":"home","status":"publish","type":"page","link":"https:\/\/managementandmovement.com\/","title":{"rendered":"Inicio"},"content":{"rendered":"\n<p>Bienvenidos, a este sitio que te permitir\u00e1 conocer, crecer y fortalecer tus habilidades empresariales y obtener la Inteligencia Emocional para enfrentar las adversidades de en tu negocio o empresa.<\/p>\n\n\n\n<p>Fechas abiertas para el pr\u00f3ximo taller:<\/p>\n\n\n\n<figure class=\"wp-block-gallery has-nested-images columns-default is-cropped wp-block-gallery-1 is-layout-flex wp-block-gallery-is-layout-flex\">\n<figure class=\"wp-block-image size-large is-style-default\"><img loading=\"lazy\" decoding=\"async\" width=\"357\" height=\"465\" data-id=\"129\" src=\"https:\/\/managementandmovement.com\/wp-content\/uploads\/2020\/10\/IE-NOV.png\" alt=\"\" class=\"wp-image-129\" srcset=\"https:\/\/managementandmovement.com\/wp-content\/uploads\/2020\/10\/IE-NOV.png 357w, https:\/\/managementandmovement.com\/wp-content\/uploads\/2020\/10\/IE-NOV-230x300.png 230w\" sizes=\"auto, (max-width: 357px) 100vw, 357px\" \/><\/figure>\n<\/figure>\n\n\n\n<p><\/p>\n\n\n\n<p>Pre-registro y m\u00e1s informaci\u00f3n<a href=\"https:\/\/bit.ly\/2ML91f6\" data-type=\"URL\" data-id=\"https:\/\/bit.ly\/2ML91f6\"> <\/a><a rel=\"noreferrer noopener\" href=\"https:\/\/bit.ly\/2ML91f6\" data-type=\"URL\" data-id=\"https:\/\/bit.ly\/2ML91f6\" target=\"_blank\">aqu\u00ed<\/a><\/p>\n\n\n\n<figure class=\"wp-block-image size-large\"><img loading=\"lazy\" decoding=\"async\" width=\"573\" height=\"603\" src=\"http:\/\/managementandmovement.com\/wp-content\/uploads\/2021\/04\/profesiona.png\" alt=\"\" class=\"wp-image-198\" srcset=\"https:\/\/managementandmovement.com\/wp-content\/uploads\/2021\/04\/profesiona.png 573w, https:\/\/managementandmovement.com\/wp-content\/uploads\/2021\/04\/profesiona-285x300.png 285w\" sizes=\"auto, (max-width: 573px) 100vw, 573px\" \/><\/figure>\n\n\n\n<p>\u00bfQu\u00e9 har\u00edas t\u00fa?<\/p>\n\n\n\n<p>&nbsp;Me hicieron una llamada telef\u00f3nica donde me dijeron que necesitan un gerente en Capacitaci\u00f3n y les gustar\u00eda realizarme la entrevista, pese a las circunstancias de la pandemia decid\u00ed asistir\u2026<\/p>\n\n\n\n<p>Les platico, llegue, la recepcionista me paso a la sala, y entro una persona con minifalda, con las u\u00f1as desalineadas y sudando\u2026 la verdad en mi mente, la expresi\u00f3n fue\u2026 \u00a1Qu\u00e9 no sea ella la reclutadora!<\/p>\n\n\n\n<p>Se sent\u00f3 frente a mi me miro y sigui\u00f3 revisando unos papeles al mirarlos note que eran curr\u00edculos, estaba buscando uno en el cual escribir, lo puso en el escritorio y con pluma en mano me pregunto \u00bfpara qu\u00e9 puesto viene?\u2026 la verdad que para ese momento me quer\u00eda ir de ese lugar, entonces me dije a mi misma, t\u00fa eres una profesional y no debes juzgar a las personas por su apariencia, y bueno tal vez ha estado muy presionada y por eso no te saludo, dale otra oportunidad\u2026 y as\u00ed fue, respond\u00ed, soy Laura y vengo por una posici\u00f3n en el \u00e1rea de capacitaci\u00f3n\u2026 las siguientes palabras que salieron de su boca fueron\u2026 \u00bfQu\u00e9 hac\u00eda en su \u00faltimo empleo?: lo que me dejo claro que no hab\u00eda le\u00eddo mi C.V. ni sabia de la experiencia que tengo\u2026 casi lloro!!<\/p>\n\n\n\n<p>S\u00e9 que muchas universidades que tiene la carrera de Administraci\u00f3n no tienen contemplado el reclutamiento, pero si se dedican a reclutar, profesionalizarse har\u00e1 que la gente que busca trabajo no se vaya decepcionada de ustedes y de la empresa a la que quer\u00eda entrar a colaborar\u2026<\/p>\n\n\n\n<p>Por favor invi\u00e9rtanle un poquito que se vea que les gusta su trabajo y saben lo que est\u00e1n haciendo\u2026siempre podemos ser mejores en lo que hacemos!!!<\/p>\n\n\n\n<p><\/p>\n\n\n\n<p>Tambi\u00e9n puedes comunicarte directamente a la Universidad Aut\u00f3noma Metropolitana, o en el link http:\/\/kali.azc.uam.mx\/educon2\/<\/p>\n\n\n\n<p><\/p>\n\n\n\n<p><\/p>\n\n\n\n<p><\/p>\n\n\n\n<p><\/p>\n","protected":false},"excerpt":{"rendered":"<p>Bienvenidos, a este sitio que te permitir\u00e1 conocer, crecer y fortalecer tus habilidades empresariales y obtener la Inteligencia Emocional para enfrentar las adversidades de en<a href=\"https:\/\/managementandmovement.com\/\" class=\"more-link\">Ver m\u00e1s<\/a><\/p>\n","protected":false},"author":1,"featured_media":0,"parent":0,"menu_order":0,"comment_status":"closed","ping_status":"closed","template":"","meta":{"footnotes":""},"class_list":["post-5","page","type-page","status-publish","hentry"],"_links":{"self":[{"href":"https:\/\/managementandmovement.com\/index.php\/wp-json\/wp\/v2\/pages\/5","targetHints":{"allow":["GET"]}}],"collection":[{"href":"https:\/\/managementandmovement.com\/index.php\/wp-json\/wp\/v2\/pages"}],"about":[{"href":"https:\/\/managementandmovement.com\/index.php\/wp-json\/wp\/v2\/types\/page"}],"author":[{"embeddable":true,"href":"https:\/\/managementandmovement.com\/index.php\/wp-json\/wp\/v2\/users\/1"}],"replies":[{"embeddable":true,"href":"https:\/\/managementandmovement.com\/index.php\/wp-json\/wp\/v2\/comments?post=5"}],"version-history":[{"count":19,"href":"https:\/\/managementandmovement.com\/index.php\/wp-json\/wp\/v2\/pages\/5\/revisions"}],"predecessor-version":[{"id":219,"href":"https:\/\/managementandmovement.com\/index.php\/wp-json\/wp\/v2\/pages\/5\/revisions\/219"}],"wp:attachment":[{"href":"https:\/\/managementandmovement.com\/index.php\/wp-json\/wp\/v2\/media?parent=5"}],"curies":[{"name":"wp","href":"https:\/\/api.w.org\/{rel}","templated":true}]}}