{"id":134,"date":"2020-11-01T00:08:26","date_gmt":"2020-11-01T00:08:26","guid":{"rendered":"http:\/\/managementandmovement.com\/?page_id=134"},"modified":"2020-11-05T02:27:57","modified_gmt":"2020-11-05T02:27:57","slug":"coach","status":"publish","type":"page","link":"https:\/\/managementandmovement.com\/index.php\/coach\/","title":{"rendered":"Coach"},"content":{"rendered":"\n<p class=\"has-text-align-left\">Soy Ana, Coach en Desarrollo personal y esta es una invitaci\u00f3n a mejorar, a  trav\u00e9s de la metodolog\u00eda que nos brinda el Coaching, puedo ayudarte a identificar tus \u00e1reas de oportunidad logrando alcanzar las metas que te propongas&#8230;  \u00bfhace cuanto tiempo que no te conectas contigo mismo(a)?<\/p>\n\n\n\n<p class=\"has-text-align-left\"> \u00bfte sientes en ese punto improductivo sin poder avanzar? \u00bfya te diste cuenta que el estilo de comunicaci\u00f3n que tienes contigo y los dem\u00e1s no ayuda mucho y no sabes como cambiarlo? <\/p>\n\n\n\n<p>Te invito a conversar y ponernos de acuerdo para trabajar juntos. Te hare una propuesta donde te garantizo aumentar tu valor como profesional. Cont\u00e1ctame:  5539932024<\/p>\n","protected":false},"excerpt":{"rendered":"<p>Soy Ana, Coach en Desarrollo personal y esta es una invitaci\u00f3n a mejorar, a trav\u00e9s de la metodolog\u00eda que nos brinda el Coaching, puedo ayudarte<a href=\"https:\/\/managementandmovement.com\/index.php\/coach\/\" class=\"more-link\">Ver m\u00e1s<\/a><\/p>\n","protected":false},"author":1,"featured_media":0,"parent":0,"menu_order":0,"comment_status":"closed","ping_status":"closed","template":"","meta":{"footnotes":""},"class_list":["post-134","page","type-page","status-publish","hentry"],"_links":{"self":[{"href":"https:\/\/managementandmovement.com\/index.php\/wp-json\/wp\/v2\/pages\/134","targetHints":{"allow":["GET"]}}],"collection":[{"href":"https:\/\/managementandmovement.com\/index.php\/wp-json\/wp\/v2\/pages"}],"about":[{"href":"https:\/\/managementandmovement.com\/index.php\/wp-json\/wp\/v2\/types\/page"}],"author":[{"embeddable":true,"href":"https:\/\/managementandmovement.com\/index.php\/wp-json\/wp\/v2\/users\/1"}],"replies":[{"embeddable":true,"href":"https:\/\/managementandmovement.com\/index.php\/wp-json\/wp\/v2\/comments?post=134"}],"version-history":[{"count":4,"href":"https:\/\/managementandmovement.com\/index.php\/wp-json\/wp\/v2\/pages\/134\/revisions"}],"predecessor-version":[{"id":157,"href":"https:\/\/managementandmovement.com\/index.php\/wp-json\/wp\/v2\/pages\/134\/revisions\/157"}],"wp:attachment":[{"href":"https:\/\/managementandmovement.com\/index.php\/wp-json\/wp\/v2\/media?parent=134"}],"curies":[{"name":"wp","href":"https:\/\/api.w.org\/{rel}","templated":true}]}}