{"id":133,"date":"2020-11-01T00:08:26","date_gmt":"2020-11-01T00:08:26","guid":{"rendered":"http:\/\/managementandmovement.com\/?page_id=133"},"modified":"2025-01-18T20:53:27","modified_gmt":"2025-01-18T20:53:27","slug":"cursos-y-talleres-2","status":"publish","type":"page","link":"https:\/\/managementandmovement.com\/index.php\/cursos-y-talleres-2\/","title":{"rendered":"Cursos y Talleres"},"content":{"rendered":"\n<figure class=\"wp-block-image size-large is-resized\"><img loading=\"lazy\" decoding=\"async\" width=\"1024\" height=\"313\" src=\"https:\/\/managementandmovement.com\/wp-content\/uploads\/2025\/01\/abstract-polygonal-banner-background-vector-1024x313.jpg\" alt=\"\" class=\"wp-image-226\" style=\"width:137px;height:auto\" srcset=\"https:\/\/managementandmovement.com\/wp-content\/uploads\/2025\/01\/abstract-polygonal-banner-background-vector-1024x313.jpg 1024w, https:\/\/managementandmovement.com\/wp-content\/uploads\/2025\/01\/abstract-polygonal-banner-background-vector-300x92.jpg 300w, https:\/\/managementandmovement.com\/wp-content\/uploads\/2025\/01\/abstract-polygonal-banner-background-vector-768x235.jpg 768w, https:\/\/managementandmovement.com\/wp-content\/uploads\/2025\/01\/abstract-polygonal-banner-background-vector-1536x469.jpg 1536w, https:\/\/managementandmovement.com\/wp-content\/uploads\/2025\/01\/abstract-polygonal-banner-background-vector-2048x626.jpg 2048w\" sizes=\"auto, (max-width: 1024px) 100vw, 1024px\" \/><\/figure>\n\n\n\n<p>Bienvenidos al mundo del conocimiento, contamos con la experiencia de diferentes expertos en el \u00e1rea de Ventas, Desarrollo Humano, Consultor\u00eda y Capacitaci\u00f3n.<\/p>\n\n\n\n<p>Algunos cursos y talleres que compartiremos son:<\/p>\n\n\n\n<h2 class=\"wp-block-heading\">Testimonios de Nuestros cursos <\/h2>\n\n\n\n<figure class=\"wp-block-video\"><video controls src=\"http:\/\/managementandmovement.com\/wp-content\/uploads\/2025\/01\/WhatsApp-Video-2025-01-18-at-1.57.48-PM.mp4\"><\/video><\/figure>\n\n\n\n<pre class=\"wp-block-verse has-text-align-center\">Seamos los l\u00edderes que hubi\u00e9ramos deseado tener\u201d. \u2014 Simon Sinek, escritor y orador motivacional<\/pre>\n\n\n\n<h2 class=\"wp-block-heading\">Nuestros proximos talleres <\/h2>\n\n\n\n<figure class=\"wp-block-image size-large is-style-default\"><img loading=\"lazy\" decoding=\"async\" width=\"1024\" height=\"1024\" src=\"https:\/\/managementandmovement.com\/wp-content\/uploads\/2025\/01\/WhatsApp-Image-2025-01-18-at-1.16.05-PM-1024x1024.jpeg\" alt=\"\" class=\"wp-image-216\" srcset=\"https:\/\/managementandmovement.com\/wp-content\/uploads\/2025\/01\/WhatsApp-Image-2025-01-18-at-1.16.05-PM-1024x1024.jpeg 1024w, https:\/\/managementandmovement.com\/wp-content\/uploads\/2025\/01\/WhatsApp-Image-2025-01-18-at-1.16.05-PM-300x300.jpeg 300w, https:\/\/managementandmovement.com\/wp-content\/uploads\/2025\/01\/WhatsApp-Image-2025-01-18-at-1.16.05-PM-150x150.jpeg 150w, https:\/\/managementandmovement.com\/wp-content\/uploads\/2025\/01\/WhatsApp-Image-2025-01-18-at-1.16.05-PM-768x768.jpeg 768w, https:\/\/managementandmovement.com\/wp-content\/uploads\/2025\/01\/WhatsApp-Image-2025-01-18-at-1.16.05-PM-75x75.jpeg 75w, https:\/\/managementandmovement.com\/wp-content\/uploads\/2025\/01\/WhatsApp-Image-2025-01-18-at-1.16.05-PM.jpeg 1200w\" sizes=\"auto, (max-width: 1024px) 100vw, 1024px\" \/><\/figure>\n\n\n\n<figure class=\"wp-block-image size-large is-style-default\"><img loading=\"lazy\" decoding=\"async\" width=\"1024\" height=\"1024\" src=\"https:\/\/managementandmovement.com\/wp-content\/uploads\/2025\/01\/WhatsApp-Image-2025-01-18-at-1.40.49-PM-1024x1024.jpeg\" alt=\"\" class=\"wp-image-221\" srcset=\"https:\/\/managementandmovement.com\/wp-content\/uploads\/2025\/01\/WhatsApp-Image-2025-01-18-at-1.40.49-PM-1024x1024.jpeg 1024w, https:\/\/managementandmovement.com\/wp-content\/uploads\/2025\/01\/WhatsApp-Image-2025-01-18-at-1.40.49-PM-300x300.jpeg 300w, https:\/\/managementandmovement.com\/wp-content\/uploads\/2025\/01\/WhatsApp-Image-2025-01-18-at-1.40.49-PM-150x150.jpeg 150w, https:\/\/managementandmovement.com\/wp-content\/uploads\/2025\/01\/WhatsApp-Image-2025-01-18-at-1.40.49-PM-768x768.jpeg 768w, https:\/\/managementandmovement.com\/wp-content\/uploads\/2025\/01\/WhatsApp-Image-2025-01-18-at-1.40.49-PM-75x75.jpeg 75w, https:\/\/managementandmovement.com\/wp-content\/uploads\/2025\/01\/WhatsApp-Image-2025-01-18-at-1.40.49-PM.jpeg 1200w\" sizes=\"auto, (max-width: 1024px) 100vw, 1024px\" \/><\/figure>\n\n\n\n<figure class=\"wp-block-image size-large is-resized\"><img loading=\"lazy\" decoding=\"async\" width=\"1024\" height=\"313\" src=\"https:\/\/managementandmovement.com\/wp-content\/uploads\/2025\/01\/abstract-polygonal-banner-background-vector-1024x313.jpg\" alt=\"\" class=\"wp-image-226\" style=\"width:126px;height:auto\" srcset=\"https:\/\/managementandmovement.com\/wp-content\/uploads\/2025\/01\/abstract-polygonal-banner-background-vector-1024x313.jpg 1024w, https:\/\/managementandmovement.com\/wp-content\/uploads\/2025\/01\/abstract-polygonal-banner-background-vector-300x92.jpg 300w, https:\/\/managementandmovement.com\/wp-content\/uploads\/2025\/01\/abstract-polygonal-banner-background-vector-768x235.jpg 768w, https:\/\/managementandmovement.com\/wp-content\/uploads\/2025\/01\/abstract-polygonal-banner-background-vector-1536x469.jpg 1536w, https:\/\/managementandmovement.com\/wp-content\/uploads\/2025\/01\/abstract-polygonal-banner-background-vector-2048x626.jpg 2048w\" sizes=\"auto, (max-width: 1024px) 100vw, 1024px\" \/><\/figure>\n\n\n\n<figure class=\"wp-block-gallery has-nested-images columns-default is-cropped wp-block-gallery-1 is-layout-flex wp-block-gallery-is-layout-flex\">\n<figure class=\"wp-block-image size-large\"><img loading=\"lazy\" decoding=\"async\" width=\"708\" height=\"1024\" data-id=\"152\" src=\"https:\/\/managementandmovement.com\/wp-content\/uploads\/2020\/11\/20201031_210608-708x1024.jpg\" alt=\"\" class=\"wp-image-152\" srcset=\"https:\/\/managementandmovement.com\/wp-content\/uploads\/2020\/11\/20201031_210608-708x1024.jpg 708w, https:\/\/managementandmovement.com\/wp-content\/uploads\/2020\/11\/20201031_210608-207x300.jpg 207w, https:\/\/managementandmovement.com\/wp-content\/uploads\/2020\/11\/20201031_210608-768x1111.jpg 768w, https:\/\/managementandmovement.com\/wp-content\/uploads\/2020\/11\/20201031_210608-1061x1536.jpg 1061w, https:\/\/managementandmovement.com\/wp-content\/uploads\/2020\/11\/20201031_210608.jpg 1080w\" sizes=\"auto, (max-width: 708px) 100vw, 708px\" \/><\/figure>\n<\/figure>\n\n\n\n<p><\/p>\n","protected":false},"excerpt":{"rendered":"<p>Bienvenidos al mundo del conocimiento, contamos con la experiencia de diferentes expertos en el \u00e1rea de Ventas, Desarrollo Humano, Consultor\u00eda y Capacitaci\u00f3n. Algunos cursos y<a href=\"https:\/\/managementandmovement.com\/index.php\/cursos-y-talleres-2\/\" class=\"more-link\">Ver m\u00e1s<\/a><\/p>\n","protected":false},"author":1,"featured_media":0,"parent":0,"menu_order":0,"comment_status":"closed","ping_status":"closed","template":"","meta":{"footnotes":""},"class_list":["post-133","page","type-page","status-publish","hentry"],"_links":{"self":[{"href":"https:\/\/managementandmovement.com\/index.php\/wp-json\/wp\/v2\/pages\/133","targetHints":{"allow":["GET"]}}],"collection":[{"href":"https:\/\/managementandmovement.com\/index.php\/wp-json\/wp\/v2\/pages"}],"about":[{"href":"https:\/\/managementandmovement.com\/index.php\/wp-json\/wp\/v2\/types\/page"}],"author":[{"embeddable":true,"href":"https:\/\/managementandmovement.com\/index.php\/wp-json\/wp\/v2\/users\/1"}],"replies":[{"embeddable":true,"href":"https:\/\/managementandmovement.com\/index.php\/wp-json\/wp\/v2\/comments?post=133"}],"version-history":[{"count":9,"href":"https:\/\/managementandmovement.com\/index.php\/wp-json\/wp\/v2\/pages\/133\/revisions"}],"predecessor-version":[{"id":231,"href":"https:\/\/managementandmovement.com\/index.php\/wp-json\/wp\/v2\/pages\/133\/revisions\/231"}],"wp:attachment":[{"href":"https:\/\/managementandmovement.com\/index.php\/wp-json\/wp\/v2\/media?parent=133"}],"curies":[{"name":"wp","href":"https:\/\/api.w.org\/{rel}","templated":true}]}}